{"id":154,"date":"2024-11-26T10:14:30","date_gmt":"2024-11-26T10:14:30","guid":{"rendered":"https:\/\/yesfun.app\/politica-cookies\/"},"modified":"2024-12-11T14:20:50","modified_gmt":"2024-12-11T14:20:50","slug":"cookies","status":"publish","type":"page","link":"https:\/\/yesfun.app\/fr\/cookies\/","title":{"rendered":"Politique de cookies"},"content":{"rendered":"<h3 style=\"text-align: center;\"><strong>POLITIQUE DE COOKIES\u00a0<\/strong><strong>\u2013 WEB YESFUN\u00ae<\/strong><\/h3>\n<h3 style=\"text-align: center;\"><strong><em>(\u00a0<\/em><\/strong><a href=\"http:\/\/www.yesfun.app\/\"><strong><em>www.yesfun.app<\/em><\/strong><\/a><strong><em>\u00a0)<\/em><\/strong><\/h3>\n<p><strong>1. Objet<\/strong><\/p>\n<ul>\n<li>L&rsquo;objectif de cette politique est de vous informer de mani\u00e8re claire et pr\u00e9cise sur les cookies utilis\u00e9s sur le site internet : \u226a\u00a0<a href=\"http:\/\/www.yesfun.app\/\">yesfun.app<\/a>\u00a0\u226b (le \u00ab\u00a0<strong>Site Internet<\/strong>\u00a0\u00bb).<\/li>\n<\/ul>\n<p>&nbsp;<\/p>\n<p><strong>2. Que sont les cookies ?<\/strong><\/p>\n<ul>\n<li>Un cookie est un petit fichier texte que les sites Web installent sur l&rsquo;ordinateur ou l&rsquo;appareil mobile des utilisateurs qui les visitent.<\/li>\n<li>Les cookies permettent \u00e0 un site Web de m\u00e9moriser les actions et pr\u00e9f\u00e9rences d&rsquo;un utilisateur (identifiant de connexion, mot de passe, langue, taille de police et autres pr\u00e9f\u00e9rences d&rsquo;affichage), afin que l&rsquo;utilisateur n&rsquo;ait pas \u00e0 les reconfigurer \u00e0 son retour. Les cookies sont diff\u00e9renci\u00e9s entre : a) les cookies propres et ceux de tiers ; b) cookies techniques (permettent \u00e0 l&rsquo;utilisateur de naviguer) ; c) cookies de pr\u00e9f\u00e9rences ou de personnalisation (ils permettent de m\u00e9moriser des informations) ; d) cookies d&rsquo;analyse ou de mesure (permettent le suivi et l&rsquo;analyse de la navigation) ; e) cookies de publicit\u00e9 comportementale (ils permettent le d\u00e9veloppement d&rsquo;un profil sp\u00e9cifique pour afficher des publicit\u00e9s bas\u00e9es sur celui-ci)\u00a0; f) cookies de session (stockage des donn\u00e9es uniquement pendant que les utilisateurs naviguent sur le site Web)\u00a0; et g) les cookies persistants (ils stockent des donn\u00e9es pendant une certaine p\u00e9riode de temps).<\/li>\n<\/ul>\n<p>&nbsp;<\/p>\n<p><strong>3. Quels cookies utilisons-nous ?<\/strong><\/p>\n<p>&nbsp;<\/p>\n<ul>\n<li><u>Cookies strictement n\u00e9cessaires<\/u><\/li>\n<\/ul>\n<table width=\"586\">\n<tbody>\n<tr>\n<td width=\"78\"><strong>Nom<\/strong><\/td>\n<td width=\"151\"><strong>Fournisseur\/Domaine<\/strong><\/td>\n<td width=\"94\"><strong>Maturit\u00e9<\/strong><\/td>\n<td width=\"263\"><strong>Description<\/strong><\/td>\n<\/tr>\n<tr>\n<td rowspan=\"2\" width=\"78\">__cf_bm<\/td>\n<td width=\"151\"><a href=\"https:\/\/www.cloudflare.com\/privacypolicy\">Cloudflare Inc.<\/a><\/td>\n<td rowspan=\"2\" width=\"94\">30 minutes<\/td>\n<td rowspan=\"2\" width=\"263\">Ce cookie est utilis\u00e9 pour distinguer les humains des robots. Ceci est b\u00e9n\u00e9fique pour le site Web, afin de cr\u00e9er des rapports valides sur l&rsquo;utilisation de votre site Web.<\/td>\n<\/tr>\n<tr>\n<td width=\"151\">.hubspot.com<\/td>\n<\/tr>\n<\/tbody>\n<\/table>\n<p>&nbsp;<\/p>\n<ul>\n<li><u>Cookies de performances<\/u><\/li>\n<\/ul>\n<table width=\"586\">\n<tbody>\n<tr>\n<td width=\"80\"><strong>Nom<\/strong><\/td>\n<td width=\"140\"><strong>Fournisseur\/Domaine<\/strong><\/td>\n<td width=\"89\"><strong>Maturit\u00e9<\/strong><\/td>\n<td width=\"277\"><strong>Description<\/strong><\/td>\n<\/tr>\n<tr>\n<td rowspan=\"2\" width=\"80\">__hstc<\/td>\n<td width=\"140\"><a href=\"https:\/\/legal.hubspot.com\/privacy-policy\">HubSpot Inc.<\/a><\/td>\n<td rowspan=\"2\" width=\"89\">6 mois<\/td>\n<td rowspan=\"2\" width=\"277\">Ce nom de cookie est associ\u00e9 aux sites Web construits sur la plateforme HubSpot. Ils rapportent qu&rsquo;il est utilis\u00e9 pour l&rsquo;analyse de sites Web.<\/td>\n<\/tr>\n<tr>\n<td width=\"140\">.yesfun.app<\/td>\n<\/tr>\n<tr>\n<td rowspan=\"2\" width=\"80\">__hssc<\/td>\n<td width=\"140\"><a href=\"https:\/\/legal.hubspot.com\/privacy-policy\">HubSpot Inc.<\/a><\/td>\n<td rowspan=\"2\" width=\"89\">30 minutes<\/td>\n<td rowspan=\"2\" width=\"277\">Ce nom de cookie est associ\u00e9 aux sites Web construits sur la plateforme HubSpot. Ils rapportent qu&rsquo;il est utilis\u00e9 pour l&rsquo;analyse de sites Web.<\/td>\n<\/tr>\n<tr>\n<td width=\"140\">.yesfun.app<\/td>\n<\/tr>\n<tr>\n<td rowspan=\"2\" width=\"80\">__hssrc<\/td>\n<td width=\"140\"><a href=\"https:\/\/legal.hubspot.com\/privacy-policy\">HubSpot Inc.<\/a><\/td>\n<td rowspan=\"2\" width=\"89\">Session<\/td>\n<td rowspan=\"2\" width=\"277\">Ce nom de cookie est associ\u00e9 aux sites Web construits sur la plateforme HubSpot. Ils rapportent qu&rsquo;il est utilis\u00e9 pour l&rsquo;analyse de sites Web.<\/td>\n<\/tr>\n<tr>\n<td width=\"140\">.yesfun.app<\/td>\n<\/tr>\n<\/tbody>\n<\/table>\n<p>&nbsp;<\/p>\n<ul>\n<li><u>Cookies de pr\u00e9f\u00e9rence<\/u><\/li>\n<\/ul>\n<table width=\"586\">\n<tbody>\n<tr>\n<td width=\"90\"><strong>Nom<\/strong><\/td>\n<td width=\"140\"><strong>Fournisseur\/Domaine<\/strong><\/td>\n<td width=\"89\"><strong>Maturit\u00e9<\/strong><\/td>\n<td width=\"267\"><strong>Description<\/strong><\/td>\n<\/tr>\n<tr>\n<td rowspan=\"2\" width=\"90\">_gcl_au<\/td>\n<td width=\"140\"><a href=\"https:\/\/policies.google.com\/privacy\">Google SARL<\/a><\/td>\n<td rowspan=\"2\" width=\"89\">3 mois<\/td>\n<td rowspan=\"2\" width=\"267\">Ce cookie est d\u00e9fini par Doubleclick et contient des informations sur la mani\u00e8re dont l&rsquo;utilisateur final utilise le site Web et sur toute publicit\u00e9 que l&rsquo;utilisateur final a vue avant de visiter le site Web.<\/td>\n<\/tr>\n<tr>\n<td width=\"140\">.yesfun.app<\/td>\n<\/tr>\n<tr>\n<td rowspan=\"2\" width=\"90\">messagesUtk<\/td>\n<td width=\"140\"><a href=\"https:\/\/legal.hubspot.com\/privacy-policy\">HubSpot Inc.<\/a><\/td>\n<td rowspan=\"2\" width=\"89\">6 mois<\/td>\n<td rowspan=\"2\" width=\"267\">Ce cookie est utilis\u00e9 pour reconna\u00eetre les visiteurs qui discutent avec vous via l&rsquo;outil de flux de discussion. Si le visiteur quitte votre site avant d&rsquo;\u00eatre ajout\u00e9 en tant que contact, ce cookie sera associ\u00e9 \u00e0 son navigateur.<\/td>\n<\/tr>\n<tr>\n<td width=\"140\">.yesfun.app<\/td>\n<\/tr>\n<tr>\n<td rowspan=\"2\" width=\"90\">_fbp<\/td>\n<td width=\"140\"><a href=\"https:\/\/www.facebook.com\/policy.php\">M\u00e9ta Plateforme Inc.<\/a><\/td>\n<td rowspan=\"2\" width=\"89\">3 mois<\/td>\n<td rowspan=\"2\" width=\"267\">Utilis\u00e9 par Facebook pour proposer une gamme de produits publicitaires, tels que les ench\u00e8res en temps r\u00e9el d&rsquo;annonceurs tiers.<\/td>\n<\/tr>\n<tr>\n<td width=\"140\">.yesfun.app<\/td>\n<\/tr>\n<\/tbody>\n<\/table>\n<p>&nbsp;<\/p>\n<ul>\n<li><u>Fonctionnalit\u00e9 des cookies<\/u><\/li>\n<\/ul>\n<table width=\"586\">\n<tbody>\n<tr>\n<td width=\"80\"><strong>Nom<\/strong><\/td>\n<td width=\"140\"><strong>Fournisseur\/Domaine<\/strong><\/td>\n<td width=\"89\"><strong>Maturit\u00e9<\/strong><\/td>\n<td width=\"277\"><strong>Description<\/strong><\/td>\n<\/tr>\n<tr>\n<td rowspan=\"2\" width=\"80\">hubspotutk<\/td>\n<td width=\"140\"><a href=\"https:\/\/legal.hubspot.com\/privacy-policy\">HubSpot Inc.<\/a><\/td>\n<td rowspan=\"2\" width=\"89\">6 mois<\/td>\n<td rowspan=\"2\" width=\"277\">Ce nom de cookie est associ\u00e9 aux sites Web construits sur la plateforme HubSpot. HubSpot rapporte que son objectif est l&rsquo;authentification des utilisateurs. En tant que cookie persistant plut\u00f4t que de session, il ne peut pas \u00eatre class\u00e9 comme strictement n\u00e9cessaire.<\/td>\n<\/tr>\n<tr>\n<td width=\"140\">.yesfun.app<\/td>\n<\/tr>\n<tr>\n<td width=\"80\">_cfuvid<\/td>\n<td width=\"140\">.hubspot.com<\/td>\n<td width=\"89\">Session<\/td>\n<td width=\"277\">Ce cookie est utilis\u00e9 dans le but de suivre les utilisateurs au fil des sessions afin d&rsquo;optimiser l&rsquo;exp\u00e9rience utilisateur en maintenant la coh\u00e9rence des sessions et en fournissant des services personnalis\u00e9s.<\/td>\n<\/tr>\n<\/tbody>\n<\/table>\n<p><strong>\u00a0<\/strong><\/p>\n<p><strong>4. Comment param\u00e9trer ou supprimer des cookies ?<\/strong><\/p>\n<ul>\n<li><strong>\u00a0<\/strong>Vous pouvez \u00e0 tout moment retirer le consentement pr\u00e9c\u00e9demment accord\u00e9 concernant l&rsquo;installation de cookies, en modifiant vos pr\u00e9f\u00e9rences via notre configurateur de cookies (disponible \u00e0 tout moment dans le coin inf\u00e9rieur gauche de l&rsquo;\u00e9cran).<\/li>\n<li>En plus de g\u00e9rer le consentement via notre panneau de pr\u00e9f\u00e9rences si disponible, vous pouvez accepter, bloquer ou supprimer les cookies install\u00e9s sur votre appareil en configurant les options qu&rsquo;il propose. Cependant, cela pourrait affecter le fonctionnement du Site, rendant l\u2019exp\u00e9rience utilisateur moins satisfaisante, voire emp\u00eachant l\u2019utilisation du Site.<\/li>\n<li>Ci-dessous, nous proposons des liens vers les param\u00e8tres de cookies des navigateurs les plus courants :<\/li>\n<\/ul>\n<p>&nbsp;<\/p>\n<ul>\n<li>\n<ul>\n<li><strong>Microsoft Edge<\/strong>\u00a0: \u226a\u00a0<a href=\"https:\/\/support.microsoft.com\/es-es\/topic\/ver-las-cookies-en-microsoft-edge-a7d95376-f2cd-8e4a-25dc-1de753474879#:~:text=Abre%20Microsoft%20Edge%20y%20luego,controles%20espec%C3%ADficos%20para%20las%20cookies\">https:\/\/support.microsoft.com\/es-es\/topic\/ver-las-cookies-en-microsoft-edge-a7d95376-f2cd-8e4a-25dc-1de753474879<\/a>\u00a0\u226b<\/li>\n<li>Pour plus d&rsquo;informations, vous pouvez consulter le support Microsoft ou l&rsquo;aide du navigateur.<\/li>\n<\/ul>\n<\/li>\n<li>\n<ul>\n<li><strong>Firefox<\/strong>\u00a0: \u226a\u00a0<a href=\"https:\/\/support.mozilla.org\/es\/kb\/cookies-informacion-que-los-sitios-web-guardan-en-\">https:\/\/support.mozilla.org\/es\/kb\/cookies-informacion-que-los-sitios-web-guardan-en-<\/a>\u00a0\u226b<\/li>\n<li>Pour plus d&rsquo;informations, vous pouvez consulter le support Mozilla ou l&rsquo;aide du navigateur.<\/li>\n<\/ul>\n<\/li>\n<li>\n<ul>\n<li><strong>Chrome\u00a0:<\/strong>\u00a0\u226a\u00a0<a href=\"https:\/\/support.google.com\/accounts\/answer\/61416?hl=es&amp;co=GENIE.Platform%3DDesktop\">https:\/\/support.google.com\/accounts\/answer\/61416?hl=es&amp;co=GENIE.Platform%3DDesktop<\/a>\u00a0\u226b<\/li>\n<li><strong>\u00a0<\/strong>Pour plus d&rsquo;informations, vous pouvez consulter le support Google ou l&rsquo;aide du navigateur.<\/li>\n<\/ul>\n<\/li>\n<li>\n<ul>\n<li><strong>Safari<\/strong>\u00a0: \u226a\u00a0<a href=\"https:\/\/help.apple.com\/safari\/mac\/8.0\/en.lproj\/sfri11471.html#:~:text=Choose%20Safari%20%3E%20Preferences%2C%20click%20Privacy,other%20data%20on%20your%20Mac\">https:\/\/help.apple.com\/safari\/mac\/8.0\/en.lproj\/sfri11471.html<\/a>\u00a0\u226b<\/li>\n<li>Pour plus d&rsquo;informations, vous pouvez consulter l&rsquo;assistance Apple ou l&rsquo;aide du navigateur.<\/li>\n<\/ul>\n<\/li>\n<\/ul>\n<p>&nbsp;<\/p>\n<p><strong>5. Virements internationaux.<\/strong><\/p>\n<ul>\n<li><strong>\u00a0<\/strong>Nous vous informons que les donn\u00e9es que l&rsquo;\u00e9diteur du Site collecte gr\u00e2ce \u00e0 l&rsquo;installation de cookies ne sont pas transf\u00e9r\u00e9es vers des pays ext\u00e9rieurs \u00e0 l&rsquo;Espace \u00c9conomique Europ\u00e9en.<\/li>\n<li>Vous pouvez obtenir des informations sur les transferts vers des pays tiers qui, le cas \u00e9ch\u00e9ant, sont effectu\u00e9s par les tiers identifi\u00e9s dans la pr\u00e9sente politique en mati\u00e8re de cookies dans leurs politiques correspondantes :\n<ul>\n<li><strong>Google<\/strong>\u00a0: \u226a\u00a0<a href=\"https:\/\/policies.google.com\/privacy?hl=es\">https:\/\/policies.google.com\/privacy?hl=es<\/a>\u00a0\u226b<\/li>\n<\/ul>\n<\/li>\n<\/ul>\n<p><strong>\u00a0<\/strong><\/p>\n<p><strong>6. Modifications.<\/strong><\/p>\n<ul>\n<li>Cette politique en mati\u00e8re de cookies pourrait \u00eatre modifi\u00e9e en fonction des exigences l\u00e9gislatives applicables, ou afin de l&rsquo;adapter aux guides ou instructions \u00e9mis par l&rsquo;Agence espagnole de protection des donn\u00e9es. Il est donc conseill\u00e9 aux utilisateurs de le visiter p\u00e9riodiquement.<\/li>\n<li>Les modifications importantes apport\u00e9es \u00e0 cette politique en mati\u00e8re de cookies seront communiqu\u00e9es aux utilisateurs soit par le biais d&rsquo;un avis sur le site Web, soit par courrier \u00e9lectronique.<\/li>\n<li>N&rsquo;h\u00e9sitez pas \u00e0 nous poser toutes vos questions sur notre politique en mati\u00e8re de cookies en nous envoyant un e-mail \u00e0\u00a0<a href=\"mailto:dpo@grupperalada.com\">dpo@grupperalada.com<\/a>\u00a0.<\/li>\n<\/ul>\n","protected":false},"excerpt":{"rendered":"<p>POLITIQUE DE COOKIES\u00a0\u2013 WEB YESFUN\u00ae (\u00a0www.yesfun.app\u00a0) 1. Objet L&rsquo;objectif de cette politique est de vous informer de mani\u00e8re claire et pr\u00e9cise sur les cookies utilis\u00e9s sur le site internet : \u226a\u00a0yesfun.app\u00a0\u226b (le \u00ab\u00a0Site Internet\u00a0\u00bb). &nbsp; 2. Que sont les cookies ? Un cookie est un petit fichier texte que les sites Web installent sur l&rsquo;ordinateur [&hellip;]<\/p>\n","protected":false},"author":1,"featured_media":0,"parent":0,"menu_order":0,"comment_status":"closed","ping_status":"closed","template":"","meta":{"inline_featured_image":false,"footnotes":""},"class_list":["post-154","page","type-page","status-publish","hentry"],"yoast_head":"<!-- This site is optimized with the Yoast SEO plugin v25.3.1 - https:\/\/yoast.com\/wordpress\/plugins\/seo\/ -->\n<title>Politique de cookies - YESFUN\u00ae<\/title>\n<meta name=\"robots\" content=\"index, follow, max-snippet:-1, max-image-preview:large, max-video-preview:-1\" \/>\n<link rel=\"canonical\" href=\"https:\/\/yesfun.app\/fr\/cookies\/\" \/>\n<meta property=\"og:locale\" content=\"fr_FR\" \/>\n<meta property=\"og:type\" content=\"article\" \/>\n<meta property=\"og:title\" content=\"Politique de cookies - YESFUN\u00ae\" \/>\n<meta property=\"og:description\" content=\"POLITIQUE DE COOKIES\u00a0\u2013 WEB YESFUN\u00ae (\u00a0www.yesfun.app\u00a0) 1. Objet L&rsquo;objectif de cette politique est de vous informer de mani\u00e8re claire et pr\u00e9cise sur les cookies utilis\u00e9s sur le site internet : \u226a\u00a0yesfun.app\u00a0\u226b (le \u00ab\u00a0Site Internet\u00a0\u00bb). &nbsp; 2. Que sont les cookies ? Un cookie est un petit fichier texte que les sites Web installent sur l&rsquo;ordinateur [&hellip;]\" \/>\n<meta property=\"og:url\" content=\"https:\/\/yesfun.app\/fr\/cookies\/\" \/>\n<meta property=\"og:site_name\" content=\"YESFUN\u00ae\" \/>\n<meta property=\"article:modified_time\" content=\"2024-12-11T14:20:50+00:00\" \/>\n<meta name=\"twitter:card\" content=\"summary_large_image\" \/>\n<meta name=\"twitter:label1\" content=\"Dur\u00e9e de lecture estim\u00e9e\" \/>\n\t<meta name=\"twitter:data1\" content=\"5 minutes\" \/>\n<script type=\"application\/ld+json\" class=\"yoast-schema-graph\">{\"@context\":\"https:\/\/schema.org\",\"@graph\":[{\"@type\":\"WebPage\",\"@id\":\"https:\/\/yesfun.app\/fr\/cookies\/\",\"url\":\"https:\/\/yesfun.app\/fr\/cookies\/\",\"name\":\"Politique de cookies - YESFUN\u00ae\",\"isPartOf\":{\"@id\":\"https:\/\/yesfun.app\/#website\"},\"datePublished\":\"2024-11-26T10:14:30+00:00\",\"dateModified\":\"2024-12-11T14:20:50+00:00\",\"breadcrumb\":{\"@id\":\"https:\/\/yesfun.app\/fr\/cookies\/#breadcrumb\"},\"inLanguage\":\"fr-FR\",\"potentialAction\":[{\"@type\":\"ReadAction\",\"target\":[\"https:\/\/yesfun.app\/fr\/cookies\/\"]}]},{\"@type\":\"BreadcrumbList\",\"@id\":\"https:\/\/yesfun.app\/fr\/cookies\/#breadcrumb\",\"itemListElement\":[{\"@type\":\"ListItem\",\"position\":1,\"name\":\"Portada\",\"item\":\"https:\/\/yesfun.app\/fr\/home\/\"},{\"@type\":\"ListItem\",\"position\":2,\"name\":\"Politique de cookies\"}]},{\"@type\":\"WebSite\",\"@id\":\"https:\/\/yesfun.app\/#website\",\"url\":\"https:\/\/yesfun.app\/\",\"name\":\"YESFUN\u00ae\",\"description\":\"ENJOY MORE!\",\"publisher\":{\"@id\":\"https:\/\/yesfun.app\/#organization\"},\"potentialAction\":[{\"@type\":\"SearchAction\",\"target\":{\"@type\":\"EntryPoint\",\"urlTemplate\":\"https:\/\/yesfun.app\/?s={search_term_string}\"},\"query-input\":{\"@type\":\"PropertyValueSpecification\",\"valueRequired\":true,\"valueName\":\"search_term_string\"}}],\"inLanguage\":\"fr-FR\"},{\"@type\":\"Organization\",\"@id\":\"https:\/\/yesfun.app\/#organization\",\"name\":\"YESFUN\u00ae\",\"url\":\"https:\/\/yesfun.app\/\",\"logo\":{\"@type\":\"ImageObject\",\"inLanguage\":\"fr-FR\",\"@id\":\"https:\/\/yesfun.app\/#\/schema\/logo\/image\/\",\"url\":\"\/wp-content\/uploads\/2024\/10\/favicon-3.png\",\"contentUrl\":\"\/wp-content\/uploads\/2024\/10\/favicon-3.png\",\"width\":48,\"height\":48,\"caption\":\"YESFUN\u00ae\"},\"image\":{\"@id\":\"https:\/\/yesfun.app\/#\/schema\/logo\/image\/\"}}]}<\/script>\n<!-- \/ Yoast SEO plugin. -->","yoast_head_json":{"title":"Politique de cookies - YESFUN\u00ae","robots":{"index":"index","follow":"follow","max-snippet":"max-snippet:-1","max-image-preview":"max-image-preview:large","max-video-preview":"max-video-preview:-1"},"canonical":"https:\/\/yesfun.app\/fr\/cookies\/","og_locale":"fr_FR","og_type":"article","og_title":"Politique de cookies - YESFUN\u00ae","og_description":"POLITIQUE DE COOKIES\u00a0\u2013 WEB YESFUN\u00ae (\u00a0www.yesfun.app\u00a0) 1. Objet L&rsquo;objectif de cette politique est de vous informer de mani\u00e8re claire et pr\u00e9cise sur les cookies utilis\u00e9s sur le site internet : \u226a\u00a0yesfun.app\u00a0\u226b (le \u00ab\u00a0Site Internet\u00a0\u00bb). &nbsp; 2. Que sont les cookies ? Un cookie est un petit fichier texte que les sites Web installent sur l&rsquo;ordinateur [&hellip;]","og_url":"https:\/\/yesfun.app\/fr\/cookies\/","og_site_name":"YESFUN\u00ae","article_modified_time":"2024-12-11T14:20:50+00:00","twitter_card":"summary_large_image","twitter_misc":{"Dur\u00e9e de lecture estim\u00e9e":"5 minutes"},"schema":{"@context":"https:\/\/schema.org","@graph":[{"@type":"WebPage","@id":"https:\/\/yesfun.app\/fr\/cookies\/","url":"https:\/\/yesfun.app\/fr\/cookies\/","name":"Politique de cookies - YESFUN\u00ae","isPartOf":{"@id":"https:\/\/yesfun.app\/#website"},"datePublished":"2024-11-26T10:14:30+00:00","dateModified":"2024-12-11T14:20:50+00:00","breadcrumb":{"@id":"https:\/\/yesfun.app\/fr\/cookies\/#breadcrumb"},"inLanguage":"fr-FR","potentialAction":[{"@type":"ReadAction","target":["https:\/\/yesfun.app\/fr\/cookies\/"]}]},{"@type":"BreadcrumbList","@id":"https:\/\/yesfun.app\/fr\/cookies\/#breadcrumb","itemListElement":[{"@type":"ListItem","position":1,"name":"Portada","item":"https:\/\/yesfun.app\/fr\/home\/"},{"@type":"ListItem","position":2,"name":"Politique de cookies"}]},{"@type":"WebSite","@id":"https:\/\/yesfun.app\/#website","url":"https:\/\/yesfun.app\/","name":"YESFUN\u00ae","description":"ENJOY MORE!","publisher":{"@id":"https:\/\/yesfun.app\/#organization"},"potentialAction":[{"@type":"SearchAction","target":{"@type":"EntryPoint","urlTemplate":"https:\/\/yesfun.app\/?s={search_term_string}"},"query-input":{"@type":"PropertyValueSpecification","valueRequired":true,"valueName":"search_term_string"}}],"inLanguage":"fr-FR"},{"@type":"Organization","@id":"https:\/\/yesfun.app\/#organization","name":"YESFUN\u00ae","url":"https:\/\/yesfun.app\/","logo":{"@type":"ImageObject","inLanguage":"fr-FR","@id":"https:\/\/yesfun.app\/#\/schema\/logo\/image\/","url":"\/wp-content\/uploads\/2024\/10\/favicon-3.png","contentUrl":"\/wp-content\/uploads\/2024\/10\/favicon-3.png","width":48,"height":48,"caption":"YESFUN\u00ae"},"image":{"@id":"https:\/\/yesfun.app\/#\/schema\/logo\/image\/"}}]}},"_links":{"self":[{"href":"https:\/\/yesfun.app\/fr\/wp-json\/wp\/v2\/pages\/154","targetHints":{"allow":["GET"]}}],"collection":[{"href":"https:\/\/yesfun.app\/fr\/wp-json\/wp\/v2\/pages"}],"about":[{"href":"https:\/\/yesfun.app\/fr\/wp-json\/wp\/v2\/types\/page"}],"author":[{"embeddable":true,"href":"https:\/\/yesfun.app\/fr\/wp-json\/wp\/v2\/users\/1"}],"replies":[{"embeddable":true,"href":"https:\/\/yesfun.app\/fr\/wp-json\/wp\/v2\/comments?post=154"}],"version-history":[{"count":1,"href":"https:\/\/yesfun.app\/fr\/wp-json\/wp\/v2\/pages\/154\/revisions"}],"predecessor-version":[{"id":168,"href":"https:\/\/yesfun.app\/fr\/wp-json\/wp\/v2\/pages\/154\/revisions\/168"}],"wp:attachment":[{"href":"https:\/\/yesfun.app\/fr\/wp-json\/wp\/v2\/media?parent=154"}],"curies":[{"name":"wp","href":"https:\/\/api.w.org\/{rel}","templated":true}]}}